{"id":2,"date":"2023-08-15T19:07:22","date_gmt":"2023-08-15T17:07:22","guid":{"rendered":"http:\/\/gite-chezjacquesetmado.fr\/?page_id=2"},"modified":"2024-02-06T17:09:41","modified_gmt":"2024-02-06T16:09:41","slug":"page-d-exemple","status":"publish","type":"page","link":"https:\/\/gite-chezjacquesetmado.fr\/","title":{"rendered":"La Maison Carr\u00e9e****, chez Jacques et Mado,"},"content":{"rendered":"\n<p class=\"has-text-align-left\"><strong>La Maison Carr\u00e9e au coeur de St Antoine l&#8217;abbaye est blottie entre de charmantes ruelles, \u00e0 proximit\u00e9 des commerces, du mus\u00e9e, de \u00a0l\u2019\u00e9glise abbatiale \u2026qui contribuent \u00e0 la renomm\u00e9e de ce village\u00a0charg\u00e9 d\u2019histoire et de culture\u00a0!<\/strong><\/p>\n\n\n\n<p>Nous avons eu le plaisir et la fiert\u00e9 de <strong>recevoir ce 31 Ao\u00fbt 2023 un classement 4 \u00e9toiles, pour notre g\u00eete, d\u00e9cision de classement dans la cat\u00e9gorie des meubl\u00e9s de tourisme remis par la FDOT Is\u00e8re, <\/strong>F\u00e9d\u00e9ration D\u00e9partementale des Offices de Tourisme de l&#8217;Is\u00e8re, Atout France.<\/p>\n\n\n\n<figure class=\"wp-block-gallery has-nested-images columns-default is-cropped wp-block-gallery-1 is-layout-flex wp-block-gallery-is-layout-flex\">\n<figure class=\"wp-block-image size-large\"><img loading=\"lazy\" decoding=\"async\" width=\"688\" height=\"1024\" data-id=\"53\" src=\"https:\/\/gite-chezjacquesetmado.fr\/wp-content\/uploads\/2023\/08\/20220411_110035-688x1024.jpg\" alt=\"gite la maison carr\u00e9e chez jacques et mado st antoine l'abbaye\" class=\"wp-image-53\" srcset=\"https:\/\/gite-chezjacquesetmado.fr\/wp-content\/uploads\/2023\/08\/20220411_110035-688x1024.jpg 688w, https:\/\/gite-chezjacquesetmado.fr\/wp-content\/uploads\/2023\/08\/20220411_110035-202x300.jpg 202w, https:\/\/gite-chezjacquesetmado.fr\/wp-content\/uploads\/2023\/08\/20220411_110035-768x1143.jpg 768w, https:\/\/gite-chezjacquesetmado.fr\/wp-content\/uploads\/2023\/08\/20220411_110035-1032x1536.jpg 1032w, https:\/\/gite-chezjacquesetmado.fr\/wp-content\/uploads\/2023\/08\/20220411_110035-1377x2048.jpg 1377w, https:\/\/gite-chezjacquesetmado.fr\/wp-content\/uploads\/2023\/08\/20220411_110035-1200x1785.jpg 1200w, https:\/\/gite-chezjacquesetmado.fr\/wp-content\/uploads\/2023\/08\/20220411_110035-1980x2946.jpg 1980w, https:\/\/gite-chezjacquesetmado.fr\/wp-content\/uploads\/2023\/08\/20220411_110035-scaled.jpg 1721w\" sizes=\"auto, (max-width: 688px) 100vw, 688px\" \/><\/figure>\n\n\n\n<figure class=\"wp-block-image size-large\"><img loading=\"lazy\" decoding=\"async\" width=\"680\" height=\"1024\" data-id=\"51\" src=\"https:\/\/gite-chezjacquesetmado.fr\/wp-content\/uploads\/2023\/08\/20210827_195409-2-680x1024.jpg\" alt=\"gite la maison carr\u00e9e chez jacques et mado st antoine l'abbaye\" class=\"wp-image-51\" srcset=\"https:\/\/gite-chezjacquesetmado.fr\/wp-content\/uploads\/2023\/08\/20210827_195409-2-680x1024.jpg 680w, https:\/\/gite-chezjacquesetmado.fr\/wp-content\/uploads\/2023\/08\/20210827_195409-2-199x300.jpg 199w, https:\/\/gite-chezjacquesetmado.fr\/wp-content\/uploads\/2023\/08\/20210827_195409-2-768x1157.jpg 768w, https:\/\/gite-chezjacquesetmado.fr\/wp-content\/uploads\/2023\/08\/20210827_195409-2-1020x1536.jpg 1020w, https:\/\/gite-chezjacquesetmado.fr\/wp-content\/uploads\/2023\/08\/20210827_195409-2-1360x2048.jpg 1360w, https:\/\/gite-chezjacquesetmado.fr\/wp-content\/uploads\/2023\/08\/20210827_195409-2-1200x1807.jpg 1200w, https:\/\/gite-chezjacquesetmado.fr\/wp-content\/uploads\/2023\/08\/20210827_195409-2-1980x2982.jpg 1980w, https:\/\/gite-chezjacquesetmado.fr\/wp-content\/uploads\/2023\/08\/20210827_195409-2-scaled.jpg 1700w\" sizes=\"auto, (max-width: 680px) 100vw, 680px\" \/><\/figure>\n\n\n\n<figure class=\"wp-block-image size-large\"><img loading=\"lazy\" decoding=\"async\" width=\"768\" height=\"1024\" data-id=\"60\" src=\"https:\/\/gite-chezjacquesetmado.fr\/wp-content\/uploads\/2023\/08\/20230612_114412-768x1024.jpg\" alt=\"gite la maison carr\u00e9e chez jacques et mado st antoine l'abbaye\" class=\"wp-image-60\" srcset=\"https:\/\/gite-chezjacquesetmado.fr\/wp-content\/uploads\/2023\/08\/20230612_114412-768x1024.jpg 768w, https:\/\/gite-chezjacquesetmado.fr\/wp-content\/uploads\/2023\/08\/20230612_114412-225x300.jpg 225w, https:\/\/gite-chezjacquesetmado.fr\/wp-content\/uploads\/2023\/08\/20230612_114412-1152x1536.jpg 1152w, https:\/\/gite-chezjacquesetmado.fr\/wp-content\/uploads\/2023\/08\/20230612_114412-1536x2048.jpg 1536w, https:\/\/gite-chezjacquesetmado.fr\/wp-content\/uploads\/2023\/08\/20230612_114412-1200x1600.jpg 1200w, https:\/\/gite-chezjacquesetmado.fr\/wp-content\/uploads\/2023\/08\/20230612_114412-1980x2640.jpg 1980w, https:\/\/gite-chezjacquesetmado.fr\/wp-content\/uploads\/2023\/08\/20230612_114412-scaled.jpg 1920w\" sizes=\"auto, (max-width: 768px) 100vw, 768px\" \/><\/figure>\n<\/figure>\n\n\n\n<p><\/p>\n\n\n\n<div class=\"wp-block-buttons is-content-justification-center is-layout-flex wp-container-core-buttons-is-layout-16018d1d wp-block-buttons-is-layout-flex\">\n<div class=\"wp-block-button is-style-fill\"><a class=\"wp-block-button__link wp-element-button\" href=\"https:\/\/gite-chezjacquesetmado.fr\/index.php\/reservations\/\">Je r\u00e9serve !<\/a><\/div>\n<\/div>\n","protected":false},"excerpt":{"rendered":"<p>La Maison Carr\u00e9e au coeur de St Antoine l&#8217;abbaye est blottie entre de charmantes ruelles, \u00e0 proximit\u00e9 des commerces, du mus\u00e9e, de \u00a0l\u2019\u00e9glise abbatiale \u2026qui contribuent \u00e0 la renomm\u00e9e de ce village\u00a0charg\u00e9 d\u2019histoire et de culture\u00a0! Nous avons eu le plaisir et la fiert\u00e9 de recevoir ce 31 Ao\u00fbt 2023 un classement 4 \u00e9toiles, pour notre g\u00eete, d\u00e9cision de classement dans la cat\u00e9gorie des meubl\u00e9s de tourisme remis par la FDOT Is\u00e8re, F\u00e9d\u00e9ration D\u00e9partementale des Offices de Tourisme de l&#8217;Is\u00e8re, Atout France.<\/p>\n","protected":false},"author":1,"featured_media":0,"parent":0,"menu_order":0,"comment_status":"closed","ping_status":"open","template":"","meta":{"footnotes":""},"class_list":["post-2","page","type-page","status-publish","hentry"],"_links":{"self":[{"href":"https:\/\/gite-chezjacquesetmado.fr\/index.php\/wp-json\/wp\/v2\/pages\/2","targetHints":{"allow":["GET"]}}],"collection":[{"href":"https:\/\/gite-chezjacquesetmado.fr\/index.php\/wp-json\/wp\/v2\/pages"}],"about":[{"href":"https:\/\/gite-chezjacquesetmado.fr\/index.php\/wp-json\/wp\/v2\/types\/page"}],"author":[{"embeddable":true,"href":"https:\/\/gite-chezjacquesetmado.fr\/index.php\/wp-json\/wp\/v2\/users\/1"}],"replies":[{"embeddable":true,"href":"https:\/\/gite-chezjacquesetmado.fr\/index.php\/wp-json\/wp\/v2\/comments?post=2"}],"version-history":[{"count":7,"href":"https:\/\/gite-chezjacquesetmado.fr\/index.php\/wp-json\/wp\/v2\/pages\/2\/revisions"}],"predecessor-version":[{"id":241,"href":"https:\/\/gite-chezjacquesetmado.fr\/index.php\/wp-json\/wp\/v2\/pages\/2\/revisions\/241"}],"wp:attachment":[{"href":"https:\/\/gite-chezjacquesetmado.fr\/index.php\/wp-json\/wp\/v2\/media?parent=2"}],"curies":[{"name":"wp","href":"https:\/\/api.w.org\/{rel}","templated":true}]}}