{"id":122,"date":"2023-08-16T13:24:33","date_gmt":"2023-08-16T11:24:33","guid":{"rendered":"https:\/\/gite-chezjacquesetmado.fr\/?page_id=122"},"modified":"2023-09-12T10:46:59","modified_gmt":"2023-09-12T08:46:59","slug":"a-decouvrir-aux-alentours","status":"publish","type":"page","link":"https:\/\/gite-chezjacquesetmado.fr\/index.php\/a-decouvrir-aux-alentours\/","title":{"rendered":"A d\u00e9couvrir aux alentours"},"content":{"rendered":"\n<blockquote class=\"wp-block-quote is-layout-flow wp-block-quote-is-layout-flow\">\n<p>Entre Chambaran et Vercors s&#8217;\u00e9tend un immense territoire o\u00f9 les activit\u00e9s sont nombreuses !<\/p>\n<\/blockquote>\n\n\n\n<p>Comme vous pouvez le voir, St Antoine est un petit village charg\u00e9 d\u2019histoire, qui vit <strong>PLEINEMENT<\/strong> aujourd\u2019hui avec ces multiples FESTIVITES. C\u2019est aussi le point <strong>central de nombreux sites touristiques<\/strong>, tr\u00e8s proches et accessibles rapidement dans un court rayon (de 8 \u00e0 30 km) de d\u00e9placement.<\/p>\n\n\n\n<ul class=\"wp-block-list\">\n<li>MIRIPILI, l\u2019\u00eele aux pirates, 1 km, sortie du village<\/li>\n\n\n\n<li>Jardin Ferroviaire \u00e0 Chatte&nbsp; 8 km, 10 min en voiture<\/li>\n\n\n\n<li><strong>Jardin des<\/strong> <strong>fontaines<\/strong> p\u00e9trifiantes La S\u00f4ne, 12 km, 10 min<\/li>\n\n\n\n<li>Bateau \u00e0 roue, Grotte Tha\u00efs St Nazaire en Royans, 15 km,&nbsp;&nbsp; 20 min<\/li>\n\n\n\n<li>Pont en Royans, la Bourne, mus\u00e9e de l\u2019eau 25 km, 26min<\/li>\n\n\n\n<li>Le couvent des Carmes St Bonnet 16 km, 20 min<\/li>\n\n\n\n<li>PALAIS IDEAL du Facteur Cheval, Hauterives 25km, 30min<\/li>\n\n\n\n<li>Lac de Roybon 11 km, 13 min<\/li>\n\n\n\n<li>Base nautique du Marandan, 15 km, 19 min<\/li>\n\n\n\n<li>GROTTE de CHORANCHE, 33 km, 40 min<\/li>\n\n\n\n<li>C\u00f4t\u00e9s villes&nbsp;: <strong>ST MARCELLIN<\/strong> 10 km, Bassin Aquatique l\u2019Olympide, CINEMA<\/li>\n<\/ul>\n\n\n\n<figure class=\"wp-block-gallery has-nested-images columns-default is-cropped wp-block-gallery-1 is-layout-flex wp-block-gallery-is-layout-flex\">\n<figure class=\"wp-block-image size-large\"><img loading=\"lazy\" decoding=\"async\" width=\"275\" height=\"183\" data-id=\"123\" src=\"https:\/\/gite-chezjacquesetmado.fr\/wp-content\/uploads\/2023\/08\/jardin-fontaines.jpg\" alt=\"\" class=\"wp-image-123\"\/><figcaption class=\"wp-element-caption\">La jardin des Fontaines P\u00e9trifiantes, La Sone<\/figcaption><\/figure>\n\n\n\n<figure class=\"wp-block-image size-full\"><img loading=\"lazy\" decoding=\"async\" width=\"329\" height=\"153\" data-id=\"125\" src=\"http:\/\/gite-chezjacquesetmado.fr\/wp-content\/uploads\/2023\/08\/Sans-titre.jpg\" alt=\"Bateau \u00e0 roue st nazaire en royans\" class=\"wp-image-125\" srcset=\"https:\/\/gite-chezjacquesetmado.fr\/wp-content\/uploads\/2023\/08\/Sans-titre.jpg 329w, https:\/\/gite-chezjacquesetmado.fr\/wp-content\/uploads\/2023\/08\/Sans-titre-300x140.jpg 300w\" sizes=\"auto, (max-width: 329px) 100vw, 329px\" \/><figcaption class=\"wp-element-caption\">Le Bateau \u00e0 Roue \u00e0 St Nazaire en Royans<\/figcaption><\/figure>\n\n\n\n<figure class=\"wp-block-image size-large\"><img loading=\"lazy\" decoding=\"async\" width=\"225\" height=\"225\" data-id=\"124\" src=\"https:\/\/gite-chezjacquesetmado.fr\/wp-content\/uploads\/2023\/08\/pont.jpg\" alt=\"\" class=\"wp-image-124\" srcset=\"https:\/\/gite-chezjacquesetmado.fr\/wp-content\/uploads\/2023\/08\/pont.jpg 225w, https:\/\/gite-chezjacquesetmado.fr\/wp-content\/uploads\/2023\/08\/pont-150x150.jpg 150w\" sizes=\"auto, (max-width: 225px) 100vw, 225px\" \/><figcaption class=\"wp-element-caption\">Le village de Pont en Royans et ses maisons suspendues<\/figcaption><\/figure>\n\n\n\n<figure class=\"wp-block-image size-large\"><img loading=\"lazy\" decoding=\"async\" width=\"320\" height=\"158\" data-id=\"126\" src=\"https:\/\/gite-chezjacquesetmado.fr\/wp-content\/uploads\/2023\/08\/vercors.jpg\" alt=\"\" class=\"wp-image-126\" srcset=\"https:\/\/gite-chezjacquesetmado.fr\/wp-content\/uploads\/2023\/08\/vercors.jpg 320w, https:\/\/gite-chezjacquesetmado.fr\/wp-content\/uploads\/2023\/08\/vercors-300x148.jpg 300w\" sizes=\"auto, (max-width: 320px) 100vw, 320px\" \/><figcaption class=\"wp-element-caption\">La route de Combe Laval, St Jean en Royans, Vercors<\/figcaption><\/figure>\n<\/figure>\n\n\n\n<div class=\"wp-block-buttons is-content-justification-center is-layout-flex wp-container-core-buttons-is-layout-16018d1d wp-block-buttons-is-layout-flex\">\n<div class=\"wp-block-button\"><a class=\"wp-block-button__link wp-element-button\" href=\"https:\/\/gite-chezjacquesetmado.fr\/index.php\/reservations\/\">Je r\u00e9serve !<\/a><\/div>\n<\/div>\n","protected":false},"excerpt":{"rendered":"<p>Entre Chambaran et Vercors s&#8217;\u00e9tend un immense territoire o\u00f9 les activit\u00e9s sont nombreuses ! Comme vous pouvez le voir, St Antoine est un petit village charg\u00e9 d\u2019histoire, qui vit PLEINEMENT aujourd\u2019hui avec ces multiples FESTIVITES. C\u2019est aussi le point central de nombreux sites touristiques, tr\u00e8s proches et accessibles rapidement dans un court rayon (de 8 \u00e0 30 km) de d\u00e9placement.<\/p>\n","protected":false},"author":1,"featured_media":0,"parent":0,"menu_order":0,"comment_status":"closed","ping_status":"closed","template":"","meta":{"footnotes":""},"class_list":["post-122","page","type-page","status-publish","hentry"],"_links":{"self":[{"href":"https:\/\/gite-chezjacquesetmado.fr\/index.php\/wp-json\/wp\/v2\/pages\/122","targetHints":{"allow":["GET"]}}],"collection":[{"href":"https:\/\/gite-chezjacquesetmado.fr\/index.php\/wp-json\/wp\/v2\/pages"}],"about":[{"href":"https:\/\/gite-chezjacquesetmado.fr\/index.php\/wp-json\/wp\/v2\/types\/page"}],"author":[{"embeddable":true,"href":"https:\/\/gite-chezjacquesetmado.fr\/index.php\/wp-json\/wp\/v2\/users\/1"}],"replies":[{"embeddable":true,"href":"https:\/\/gite-chezjacquesetmado.fr\/index.php\/wp-json\/wp\/v2\/comments?post=122"}],"version-history":[{"count":3,"href":"https:\/\/gite-chezjacquesetmado.fr\/index.php\/wp-json\/wp\/v2\/pages\/122\/revisions"}],"predecessor-version":[{"id":211,"href":"https:\/\/gite-chezjacquesetmado.fr\/index.php\/wp-json\/wp\/v2\/pages\/122\/revisions\/211"}],"wp:attachment":[{"href":"https:\/\/gite-chezjacquesetmado.fr\/index.php\/wp-json\/wp\/v2\/media?parent=122"}],"curies":[{"name":"wp","href":"https:\/\/api.w.org\/{rel}","templated":true}]}}