{"id":111,"date":"2023-08-16T12:55:09","date_gmt":"2023-08-16T10:55:09","guid":{"rendered":"https:\/\/gite-chezjacquesetmado.fr\/?page_id=111"},"modified":"2024-04-06T15:29:13","modified_gmt":"2024-04-06T13:29:13","slug":"tarifs-et-reservation","status":"publish","type":"page","link":"https:\/\/gite-chezjacquesetmado.fr\/index.php\/tarifs-et-reservation\/","title":{"rendered":"Tarifs"},"content":{"rendered":"<div class=\"wp-block-image\">\n<figure class=\"aligncenter size-large is-resized\"><img loading=\"lazy\" decoding=\"async\" width=\"716\" height=\"1024\" src=\"http:\/\/gite-chezjacquesetmado.fr\/wp-content\/uploads\/2023\/08\/20220322_135305-2-716x1024.jpg\" alt=\"gite la maison carr\u00e9e chez jacques et mado st antoine l'abbaye\" class=\"wp-image-112\" style=\"width:218px;height:312px\" srcset=\"https:\/\/gite-chezjacquesetmado.fr\/wp-content\/uploads\/2023\/08\/20220322_135305-2-716x1024.jpg 716w, https:\/\/gite-chezjacquesetmado.fr\/wp-content\/uploads\/2023\/08\/20220322_135305-2-210x300.jpg 210w, https:\/\/gite-chezjacquesetmado.fr\/wp-content\/uploads\/2023\/08\/20220322_135305-2-768x1098.jpg 768w, https:\/\/gite-chezjacquesetmado.fr\/wp-content\/uploads\/2023\/08\/20220322_135305-2-1075x1536.jpg 1075w, https:\/\/gite-chezjacquesetmado.fr\/wp-content\/uploads\/2023\/08\/20220322_135305-2-1433x2048.jpg 1433w, https:\/\/gite-chezjacquesetmado.fr\/wp-content\/uploads\/2023\/08\/20220322_135305-2-1200x1715.jpg 1200w, https:\/\/gite-chezjacquesetmado.fr\/wp-content\/uploads\/2023\/08\/20220322_135305-2-1980x2830.jpg 1980w, https:\/\/gite-chezjacquesetmado.fr\/wp-content\/uploads\/2023\/08\/20220322_135305-2-scaled.jpg 1791w\" sizes=\"auto, (max-width: 716px) 100vw, 716px\" \/><\/figure>\n<\/div>\n\n\n<p>Le g\u00eete La Maison Carr\u00e9e **** vous accueille de d\u00e9but AVRIL \u00e0 fin NOVEMBRE (voir calendrier) et Autre p\u00e9riode nous consulter.<\/p>\n\n\n\n<p>Le g\u00eete a \u00e9t\u00e9 con\u00e7u pour accueillir confortablement 4 personnes, cependant, 5 couchages sont disponibles (hors lit b\u00e9b\u00e9 sur demande). Nous vous invitons \u00e0 bien consulter la page <a href=\"https:\/\/gite-chezjacquesetmado.fr\/index.php\/le-gite\/\" data-type=\"page\" data-id=\"102\">Le G\u00eete<\/a> afin de v\u00e9rifier que les \u00e9quipements propos\u00e9s r\u00e9pondront \u00e0 vos attentes !<\/p>\n\n\n\n<p>Location possible \u00e0 la nuit\u00e9e (minimum 2 nuit\u00e9es), le temps d&#8217;un week-end ou \u00e0 la semaine :<\/p>\n\n\n\n<ul class=\"wp-block-list\">\n<li>Tarif 2 nuits : 280 \u20ac<\/li>\n\n\n\n<li>Tarif 3 nuits 390 \u20ac<\/li>\n\n\n\n<li>Tarif 4 nuits 480 \u20ac<\/li>\n\n\n\n<li>Tarif 5 nuits 550 \u20ac<\/li>\n\n\n\n<li>Tarif 6 nuits 600 \u20ac <\/li>\n\n\n\n<li>Tarif 7 nuits (1 semaine)  660 \u20ac <\/li>\n\n\n\n<li>Au del\u00e0 de 7 nuits : 90 \u20ac par nuit\u00e9e suppl\u00e9mentaire<\/li>\n\n\n\n<li>Arriv\u00e9e \u00e0 partir de 16 h d\u00e9part \u00e0 10 h maximum.<\/li>\n<\/ul>\n\n\n\n<h4 class=\"wp-block-heading\"><strong>Tarifs des options :<\/strong><\/h4>\n\n\n\n<p>Nous OFFRONS l&#8217;option linge lorsque le g\u00eete est occup\u00e9 par une ou deux personnes seulement.<\/p>\n\n\n\n<ul class=\"wp-block-list\">\n<li>M\u00e9nage fin de s\u00e9jour : 70\u20ac<\/li>\n\n\n\n<li>Option linge de lit et linge de toilette* : 15 \u20ac par personne <\/li>\n<\/ul>\n\n\n\n<p>* cette option comprend par personne : 2 oreillers, 1 drap housse, 1 drap plat, 1 housse de couette, 1 drap de bain et 1 grande serviette de toilette<\/p>\n\n\n\n<h4 class=\"wp-block-heading\"><strong>Modalit\u00e9s de r\u00e9servations :<\/strong><\/h4>\n\n\n\n<ul class=\"wp-block-list\">\n<li>Arrhes : 30% \u00e0 la r\u00e9servation<\/li>\n\n\n\n<li>D\u00e9p\u00f4t de garantie : 600\u20ac ( vous seront demand\u00e9s le jour de votre arriv\u00e9e)<\/li>\n<\/ul>\n\n\n\n<h4 class=\"wp-block-heading\"><strong>Infos pratiques :<\/strong><\/h4>\n\n\n\n<p><\/p>\n\n\n\n<ul class=\"wp-block-list\">\n<li>le g\u00eete est enti\u00e8rement non fumeur<\/li>\n\n\n\n<li>les animaux ne sont pas admis<\/li>\n\n\n\n<li>mat\u00e9riel b\u00e9b\u00e9 disponible sur demande ( lit parapluie et chaise haute)<\/li>\n\n\n\n<li>OFFERT : un panier d&#8217;accueil gourmand comprenant le petit d\u00e9jeuner pour le jour de votre arriv\u00e9e, ainsi que quelques gourmandises locales \u00e0 savourer.<\/li>\n\n\n\n<li>la taxe de s\u00e9jour due de 2.75 \u20ac\/jour\/adulte est \u00e0 r\u00e9gler en plus.<\/li>\n\n\n\n<li>Pour les s\u00e9jours de 2 \u00e0 7 nuit\u00e9es, accueillant une \u00e0 deux personnes, la taxe de s\u00e9jour est OFFERTE.<\/li>\n<\/ul>\n\n\n\n<div class=\"wp-block-buttons is-content-justification-center is-layout-flex wp-container-core-buttons-is-layout-16018d1d wp-block-buttons-is-layout-flex\">\n<div class=\"wp-block-button\"><a class=\"wp-block-button__link wp-element-button\" href=\"https:\/\/gite-chezjacquesetmado.fr\/index.php\/reservations\/\">Je r\u00e9serve !<\/a><\/div>\n<\/div>\n","protected":false},"excerpt":{"rendered":"<p>Le g\u00eete La Maison Carr\u00e9e **** vous accueille de d\u00e9but AVRIL \u00e0 fin NOVEMBRE (voir calendrier) et Autre p\u00e9riode nous consulter. Le g\u00eete a \u00e9t\u00e9 con\u00e7u pour accueillir confortablement 4 personnes, cependant, 5 couchages sont disponibles (hors lit b\u00e9b\u00e9 sur demande). Nous vous invitons \u00e0 bien consulter la page Le G\u00eete afin de v\u00e9rifier que les \u00e9quipements propos\u00e9s r\u00e9pondront \u00e0 vos attentes ! Location possible \u00e0 la nuit\u00e9e (minimum 2 nuit\u00e9es), le temps d&#8217;un week-end ou \u00e0 la semaine : Tarifs des options : Nous OFFRONS l&#8217;option linge lorsque le g\u00eete est occup\u00e9 par une ou deux personnes seulement. * cette option comprend par personne : 2 oreillers, 1 drap housse, 1 drap plat, 1 housse de couette, 1 drap de bain et 1 grande serviette de toilette Modalit\u00e9s de r\u00e9servations : Infos pratiques :<\/p>\n","protected":false},"author":1,"featured_media":0,"parent":0,"menu_order":0,"comment_status":"closed","ping_status":"closed","template":"","meta":{"footnotes":""},"class_list":["post-111","page","type-page","status-publish","hentry"],"_links":{"self":[{"href":"https:\/\/gite-chezjacquesetmado.fr\/index.php\/wp-json\/wp\/v2\/pages\/111","targetHints":{"allow":["GET"]}}],"collection":[{"href":"https:\/\/gite-chezjacquesetmado.fr\/index.php\/wp-json\/wp\/v2\/pages"}],"about":[{"href":"https:\/\/gite-chezjacquesetmado.fr\/index.php\/wp-json\/wp\/v2\/types\/page"}],"author":[{"embeddable":true,"href":"https:\/\/gite-chezjacquesetmado.fr\/index.php\/wp-json\/wp\/v2\/users\/1"}],"replies":[{"embeddable":true,"href":"https:\/\/gite-chezjacquesetmado.fr\/index.php\/wp-json\/wp\/v2\/comments?post=111"}],"version-history":[{"count":9,"href":"https:\/\/gite-chezjacquesetmado.fr\/index.php\/wp-json\/wp\/v2\/pages\/111\/revisions"}],"predecessor-version":[{"id":247,"href":"https:\/\/gite-chezjacquesetmado.fr\/index.php\/wp-json\/wp\/v2\/pages\/111\/revisions\/247"}],"wp:attachment":[{"href":"https:\/\/gite-chezjacquesetmado.fr\/index.php\/wp-json\/wp\/v2\/media?parent=111"}],"curies":[{"name":"wp","href":"https:\/\/api.w.org\/{rel}","templated":true}]}}